{"id":410,"date":"2023-03-29T20:06:29","date_gmt":"2023-03-29T18:06:29","guid":{"rendered":"https:\/\/www.rymsza.pl\/?page_id=410"},"modified":"2023-05-17T12:51:44","modified_gmt":"2023-05-17T10:51:44","slug":"polityka-prywatnosci-rodo-pliki-cookies","status":"publish","type":"page","link":"https:\/\/www.rymsza.pl\/index.php\/polityka-prywatnosci-rodo-pliki-cookies\/","title":{"rendered":"Polityka prywatno\u015bci Rodo Pliki cookies"},"content":{"rendered":"\t\t<div data-elementor-type=\"wp-page\" data-elementor-id=\"410\" class=\"elementor elementor-410\">\n\t\t\t\t\t\t<section class=\"elementor-section elementor-top-section elementor-element elementor-element-485a26f elementor-section-boxed elementor-section-height-default elementor-section-height-default\" data-id=\"485a26f\" data-element_type=\"section\" data-e-type=\"section\">\n\t\t\t\t\t\t<div class=\"elementor-container elementor-column-gap-default\">\n\t\t\t\t\t<div class=\"elementor-column elementor-col-100 elementor-top-column elementor-element elementor-element-d8fddc4\" data-id=\"d8fddc4\" data-element_type=\"column\" data-e-type=\"column\">\n\t\t\t<div class=\"elementor-widget-wrap elementor-element-populated\">\n\t\t\t\t\t\t<div class=\"elementor-element elementor-element-8535072 elementor-widget elementor-widget-spacer\" data-id=\"8535072\" data-element_type=\"widget\" data-e-type=\"widget\" data-widget_type=\"spacer.default\">\n\t\t\t\t<div class=\"elementor-widget-container\">\n\t\t\t\t\t\t\t<div class=\"elementor-spacer\">\n\t\t\t<div class=\"elementor-spacer-inner\"><\/div>\n\t\t<\/div>\n\t\t\t\t\t\t<\/div>\n\t\t\t\t<\/div>\n\t\t\t\t<div class=\"elementor-element elementor-element-09a2ad1 elementor-widget elementor-widget-heading\" data-id=\"09a2ad1\" data-element_type=\"widget\" data-e-type=\"widget\" data-widget_type=\"heading.default\">\n\t\t\t\t<div class=\"elementor-widget-container\">\n\t\t\t\t\t<h2 class=\"elementor-heading-title elementor-size-default\">Polityka prywatno\u015bci     Rodo    Pliki cookies<br><\/h2>\t\t\t\t<\/div>\n\t\t\t\t<\/div>\n\t\t\t\t\t<\/div>\n\t\t<\/div>\n\t\t\t\t\t<\/div>\n\t\t<\/section>\n\t\t\t\t<section class=\"elementor-section elementor-top-section elementor-element elementor-element-10cb6a3 elementor-section-boxed elementor-section-height-default elementor-section-height-default\" data-id=\"10cb6a3\" data-element_type=\"section\" data-e-type=\"section\">\n\t\t\t\t\t\t<div class=\"elementor-container elementor-column-gap-default\">\n\t\t\t\t\t<div class=\"elementor-column elementor-col-100 elementor-top-column elementor-element elementor-element-b95d6b4\" data-id=\"b95d6b4\" data-element_type=\"column\" data-e-type=\"column\">\n\t\t\t<div class=\"elementor-widget-wrap elementor-element-populated\">\n\t\t\t\t\t\t<div class=\"elementor-element elementor-element-a7ec1a4 elementor-widget elementor-widget-spacer\" data-id=\"a7ec1a4\" data-element_type=\"widget\" data-e-type=\"widget\" data-widget_type=\"spacer.default\">\n\t\t\t\t<div class=\"elementor-widget-container\">\n\t\t\t\t\t\t\t<div class=\"elementor-spacer\">\n\t\t\t<div class=\"elementor-spacer-inner\"><\/div>\n\t\t<\/div>\n\t\t\t\t\t\t<\/div>\n\t\t\t\t<\/div>\n\t\t\t\t\t<\/div>\n\t\t<\/div>\n\t\t\t\t\t<\/div>\n\t\t<\/section>\n\t\t\t\t<section class=\"elementor-section elementor-top-section elementor-element elementor-element-509bb80 elementor-section-boxed elementor-section-height-default elementor-section-height-default\" data-id=\"509bb80\" data-element_type=\"section\" data-e-type=\"section\">\n\t\t\t\t\t\t<div class=\"elementor-container elementor-column-gap-default\">\n\t\t\t\t\t<div class=\"elementor-column elementor-col-100 elementor-top-column elementor-element elementor-element-627e72a\" data-id=\"627e72a\" data-element_type=\"column\" data-e-type=\"column\">\n\t\t\t<div class=\"elementor-widget-wrap elementor-element-populated\">\n\t\t\t\t\t\t<div class=\"elementor-element elementor-element-66995ea elementor-widget elementor-widget-text-editor\" data-id=\"66995ea\" data-element_type=\"widget\" data-e-type=\"widget\" data-widget_type=\"text-editor.default\">\n\t\t\t\t<div class=\"elementor-widget-container\">\n\t\t\t\t\t\t\t\t\t<p>PLIKI COOKIES&nbsp;<\/p><p>1. Pliki cookies (tzw. \u201eciasteczka\u201d) stanowi\u0105 dane informatyczne, w szczeg\u00f3lno\u015bci pliki tekstowe, kt\u00f3re przechowywane s\u0105 w urz\u0105dzeniu ko\u0144cowym U\u017cytkownika Serwisu i przeznaczone s\u0105 do polepszenia standardu korzystania ze stron internetowych Serwisu. Cookies zazwyczaj zawieraj\u0105 nazw\u0119 strony internetowej, z kt\u00f3rej pochodz\u0105, czas przechowywania ich na urz\u0105dzeniu ko\u0144cowym oraz unikalny numer.&nbsp;<\/p><p>2. Podmiotem zamieszczaj\u0105cym na urz\u0105dzeniu ko\u0144cowym U\u017cytkownika Serwisu pliki cookies oraz uzyskuj\u0105cym do nich dost\u0119p jest zarz\u0105dzaj\u0105cy Serwisem (Administrator): http:\/\/www.leszekrymsza.drymsza.pl\/&nbsp;<\/p><p>3. Pliki cookies wykorzystywane s\u0105 w celu:&nbsp;<\/p><p>a) dostosowania zawarto\u015bci stron internetowych Serwisu do preferencji U\u017cytkownika oraz optymalizacji korzystania ze stron internetowych; w szczeg\u00f3lno\u015bci pliki te pozwalaj\u0105 rozpozna\u0107 urz\u0105dzenie U\u017cytkownika Serwisu i odpowiednio wy\u015bwietli\u0107 stron\u0119 internetow\u0105, dostosowan\u0105 do jego indywidualnych potrzeb;&nbsp;<\/p><p>b) tworzenia statystyk, kt\u00f3re pomagaj\u0105 zrozumie\u0107, w jaki spos\u00f3b U\u017cytkownicy Serwisu korzystaj\u0105 ze stron internetowych, co umo\u017cliwia ulepszanie ich struktury i zawarto\u015bci;&nbsp;<\/p><p>c) utrzymanie sesji U\u017cytkownika Serwisu (po zalogowaniu), dzi\u0119ki kt\u00f3rej U\u017cytkownik nie musi na ka\u017cdej podstronie Serwisu ponownie wpisywa\u0107 loginu i has\u0142a&nbsp;<\/p><p>4. W ramach Serwisu stosowane s\u0105 dwa zasadnicze rodzaje plik\u00f3w cookies: \u201esesyjne\u201d (session cookies) oraz \u201esta\u0142e\u201d (persistent cookies). Cookies \u201esesyjne\u201d s\u0105 plikami tymczasowymi, kt\u00f3re przechowywane s\u0105 w urz\u0105dzeniu ko\u0144cowym U\u017cytkownika do czasu wylogowania, opuszczenia strony internetowej lub wy\u0142\u0105czenia oprogramowania (przegl\u0105darki internetowej). \u201eSta\u0142e\u201d pliki cookies przechowywane s\u0105 w urz\u0105dzeniu ko\u0144cowym U\u017cytkownika przez czas okre\u015blony w parametrach takich plik\u00f3w lub do czasu ich usuni\u0119cia przez U\u017cytkownika.&nbsp;<\/p><p>5. W ramach Serwisu stosowane s\u0105 nast\u0119puj\u0105ce rodzaje plik\u00f3w cookies:&nbsp;<\/p><p>a) \u201eniezb\u0119dne\u201d pliki cookies, kt\u00f3re umo\u017cliwiaj\u0105 korzystanie z us\u0142ug dost\u0119pnych w ramach strony internetowej, np. uwierzytelniaj\u0105ce pliki cookies wykorzystywane do us\u0142ug wymagaj\u0105cych uwierzytelniania w ramach strony internetowej,&nbsp;<\/p><p>b) \u201efunkcjonalne\u201d pliki cookies, kt\u00f3re umo\u017cliwiaj\u0105 \u201ezapami\u0119tanie\u201d wybranych przez u\u017cytkownika strony internetowej ustawie\u0144 i personalizacj\u0119 interfejsu, np. w zakresie wybranego j\u0119zyka lub regionu, rozmiaru czcionki, wygl\u0105du strony internetowej itp.&nbsp;<\/p><p>6. Domy\u015blne ustawienia oprogramowa\u0144 s\u0142u\u017c\u0105cych do przegl\u0105dania stron internetowych (przegl\u0105darek internetowych) dopuszczaj\u0105 najcz\u0119\u015bciej przechowywanie plik\u00f3w cookies w urz\u0105dzeniu ko\u0144cowym U\u017cytkownika. U\u017cytkownicy Serwisu mog\u0105 dokona\u0107 w ka\u017cdym czasie zmiany ustawie\u0144 swojej przegl\u0105darki dotycz\u0105cych plik\u00f3w cookies. Ustawienia te mog\u0105 zosta\u0107 zmienione w szczeg\u00f3lno\u015bci w taki spos\u00f3b, aby blokowa\u0107 automatyczn\u0105 obs\u0142ug\u0119 plik\u00f3w cookies w ustawieniach przegl\u0105darki internetowej b\u0105d\u017a informowa\u0107 o ich ka\u017cdorazowym zamieszczeniu w urz\u0105dzeniu U\u017cytkownika Serwisu.&nbsp;<\/p><p>7. Poni\u017cej Administrator opisuje, jak mo\u017cna zmieni\u0107 ustawienia cookies w najpopularniejszych przegl\u0105darkach internetowych:&nbsp;<\/p><p>Internet Explorer:&nbsp;<\/p><p>1. Otw\u00f3rz program Internet Explorer, klikaj\u0105c przycisk Start, a nast\u0119pnie klikaj\u0105c polecenie Internet Explorer.&nbsp;<\/p><p>2. Kliknij przycisk Narz\u0119dzia, a nast\u0119pnie kliknij polecenie Opcje internetowe.&nbsp;<\/p><p>3. Kliknij kart\u0119 Prywatno\u015b\u0107, a nast\u0119pnie w obszarze Ustawienia przesu\u0144 suwak do najwy\u017cszego po\u0142o\u017cenia, aby zablokowa\u0107 wszystkie pliki cookies, lub do najni\u017cszego po\u0142o\u017cenia, aby zezwoli\u0107 na wszystkie pliki cookies, a nast\u0119pnie kliknij przycisk OK&nbsp;<\/p><p>Chrome:&nbsp;<\/p><p>1. Kliknij menu Chrome na pasku narz\u0119dzi przegl\u0105darki.&nbsp;<\/p><p>2. Wybierz Ustawienia.&nbsp;<\/p><p>3. Kliknij Poka\u017c ustawienia zaawansowane.&nbsp;<\/p><p>4. W sekcji \u201ePrywatno\u015b\u0107\u201d kliknij przycisk Ustawienia tre\u015bci.&nbsp;<\/p><p>5. W sekcji \u201ePliki cookies\u201d mo\u017cesz zmieni\u0107 ustawienia plik\u00f3w cookies&nbsp;<\/p><p>Firefox:&nbsp;<\/p><p>1. Na g\u00f3rze okna Firefoksa naci\u015bnij przycisk Firefox, (w systemie Windows XP kliknij menu Narz\u0119dzia) i wybierz Opcje.&nbsp;<\/p><p>2. Wybierz panel Prywatno\u015b\u0107.&nbsp;<\/p><p>3. Z menu rozwijanego elementu Program Firefox: wybierz opcj\u0119: b\u0119dzie u\u017cywa\u0142 ustawie\u0144 historii u\u017cytkownika.&nbsp;<\/p><p>4. Zaznacz Akceptuj ciasteczka, by w\u0142\u0105czy\u0107, odznacz, by wy\u0142\u0105czy\u0107 obs\u0142ug\u0119 ciasteczek&nbsp;<\/p><p>Opera:&nbsp;<\/p><p>1. Przejd\u017a do zak\u0142adki Narz\u0119dzia w g\u00f3rnym menu Opery i z rozwijanego menu wybierz Preferencje.&nbsp;<\/p><p>2. W okienku, kt\u00f3re si\u0119 pojawi przejd\u017a do zak\u0142adki Zaawansowane, z menu po lewej stronie wybierz Ciasteczka i zmie\u0144 ustawienia plik\u00f3w cookies&nbsp;<\/p><p>8. Administrator informuje, \u017ce w razie problem\u00f3w ze zmian\u0105 ustawie\u0144 plik\u00f3w cookies, najlepiej skorzysta\u0107 z informacji znajduj\u0105cych si\u0119 na stronie internetowej producenta danego programu.&nbsp;<\/p><p>9. Jakiekolwiek pytania dotycz\u0105ce powy\u017cszej polityki prywatno\u015bci prosimy kierowa\u0107 na adres: leszek@rymsza.pl<\/p>\t\t\t\t\t\t\t\t<\/div>\n\t\t\t\t<\/div>\n\t\t\t\t\t<\/div>\n\t\t<\/div>\n\t\t\t\t\t<\/div>\n\t\t<\/section>\n\t\t\t\t<section class=\"elementor-section elementor-top-section elementor-element elementor-element-c05408f elementor-section-boxed elementor-section-height-default elementor-section-height-default\" data-id=\"c05408f\" data-element_type=\"section\" data-e-type=\"section\" data-settings=\"{&quot;background_background&quot;:&quot;classic&quot;}\">\n\t\t\t\t\t\t<div class=\"elementor-container elementor-column-gap-default\">\n\t\t\t\t\t<div class=\"elementor-column elementor-col-100 elementor-top-column elementor-element elementor-element-d04928a\" data-id=\"d04928a\" data-element_type=\"column\" data-e-type=\"column\">\n\t\t\t<div class=\"elementor-widget-wrap elementor-element-populated\">\n\t\t\t\t\t\t<div class=\"elementor-element elementor-element-590c889 elementor-widget elementor-widget-spacer\" data-id=\"590c889\" data-element_type=\"widget\" data-e-type=\"widget\" data-widget_type=\"spacer.default\">\n\t\t\t\t<div class=\"elementor-widget-container\">\n\t\t\t\t\t\t\t<div class=\"elementor-spacer\">\n\t\t\t<div class=\"elementor-spacer-inner\"><\/div>\n\t\t<\/div>\n\t\t\t\t\t\t<\/div>\n\t\t\t\t<\/div>\n\t\t\t\t<div class=\"elementor-element elementor-element-b197f27 elementor-widget elementor-widget-text-editor\" data-id=\"b197f27\" data-element_type=\"widget\" data-e-type=\"widget\" data-widget_type=\"text-editor.default\">\n\t\t\t\t<div class=\"elementor-widget-container\">\n\t\t\t\t\t\t\t\t\t<p>Copyright\u00a0<span class=\"pomdddd\">\u00a9<\/span>\u00a02006 \u2013 2023 by Rymsza Sp. z o. o.<br \/>All rights \u00a0Rymsza Sp. z o. o.<br \/>Photography by \u00a0Rymsza Sp. z o. o.<\/p>\t\t\t\t\t\t\t\t<\/div>\n\t\t\t\t<\/div>\n\t\t\t\t<div class=\"elementor-element elementor-element-c792265 elementor-widget elementor-widget-text-editor\" data-id=\"c792265\" data-element_type=\"widget\" data-e-type=\"widget\" data-widget_type=\"text-editor.default\">\n\t\t\t\t<div class=\"elementor-widget-container\">\n\t\t\t\t\t\t\t\t\t<p><span style=\"color: #ffffff;\"><a style=\"color: #ffffff;\" href=\"https:\/\/www.rymsza.pl\/index.php\/polityka-prywatnosci-rodo-pliki-cookies\/\">Polityka prywatno\u015bci Rodo Pliki cookies<\/a><\/span><\/p>\t\t\t\t\t\t\t\t<\/div>\n\t\t\t\t<\/div>\n\t\t\t\t<div class=\"elementor-element elementor-element-1f6b52d elementor-widget elementor-widget-spacer\" data-id=\"1f6b52d\" data-element_type=\"widget\" data-e-type=\"widget\" data-widget_type=\"spacer.default\">\n\t\t\t\t<div class=\"elementor-widget-container\">\n\t\t\t\t\t\t\t<div class=\"elementor-spacer\">\n\t\t\t<div class=\"elementor-spacer-inner\"><\/div>\n\t\t<\/div>\n\t\t\t\t\t\t<\/div>\n\t\t\t\t<\/div>\n\t\t\t\t\t<\/div>\n\t\t<\/div>\n\t\t\t\t\t<\/div>\n\t\t<\/section>\n\t\t\t\t<\/div>\n\t\t","protected":false},"excerpt":{"rendered":"<p>Polityka prywatno\u015bci Rodo Pliki cookies PLIKI COOKIES&nbsp; 1. Pliki cookies (tzw. \u201eciasteczka\u201d) stanowi\u0105 dane informatyczne, w szczeg\u00f3lno\u015bci pliki tekstowe, kt\u00f3re przechowywane s\u0105 w urz\u0105dzeniu ko\u0144cowym U\u017cytkownika Serwisu i przeznaczone s\u0105 do polepszenia standardu korzystania ze stron internetowych Serwisu. Cookies zazwyczaj zawieraj\u0105 nazw\u0119 strony internetowej, z kt\u00f3rej pochodz\u0105, czas przechowywania ich na urz\u0105dzeniu ko\u0144cowym oraz unikalny [&hellip;]<\/p>\n","protected":false},"author":1,"featured_media":0,"parent":0,"menu_order":0,"comment_status":"closed","ping_status":"closed","template":"","meta":{"footnotes":""},"class_list":["post-410","page","type-page","status-publish","hentry"],"_links":{"self":[{"href":"https:\/\/www.rymsza.pl\/index.php\/wp-json\/wp\/v2\/pages\/410","targetHints":{"allow":["GET"]}}],"collection":[{"href":"https:\/\/www.rymsza.pl\/index.php\/wp-json\/wp\/v2\/pages"}],"about":[{"href":"https:\/\/www.rymsza.pl\/index.php\/wp-json\/wp\/v2\/types\/page"}],"author":[{"embeddable":true,"href":"https:\/\/www.rymsza.pl\/index.php\/wp-json\/wp\/v2\/users\/1"}],"replies":[{"embeddable":true,"href":"https:\/\/www.rymsza.pl\/index.php\/wp-json\/wp\/v2\/comments?post=410"}],"version-history":[{"count":10,"href":"https:\/\/www.rymsza.pl\/index.php\/wp-json\/wp\/v2\/pages\/410\/revisions"}],"predecessor-version":[{"id":548,"href":"https:\/\/www.rymsza.pl\/index.php\/wp-json\/wp\/v2\/pages\/410\/revisions\/548"}],"wp:attachment":[{"href":"https:\/\/www.rymsza.pl\/index.php\/wp-json\/wp\/v2\/media?parent=410"}],"curies":[{"name":"wp","href":"https:\/\/api.w.org\/{rel}","templated":true}]}}